{"id":153,"date":"2017-10-05T12:14:43","date_gmt":"2017-10-05T12:14:43","guid":{"rendered":"https:\/\/www.portusolivae.com\/portus-olivea-story\/"},"modified":"2018-02-26T13:48:03","modified_gmt":"2018-02-26T13:48:03","slug":"portus-olivea-story","status":"publish","type":"page","link":"https:\/\/www.portusolivae.com\/en\/portus-olivea-story","title":{"rendered":"Portus olivae story"},"content":{"rendered":"<h3>Portus olivae story<\/h3>\n<p><img loading=\"lazy\" decoding=\"async\" class=\"alignnone size-full wp-image-79\" src=\"https:\/\/www.portusolivae.com\/wp-content\/uploads\/2017\/12\/portus-olivae-sutivan-brac-103.jpg\" alt=\"\" width=\"1400\" height=\"842\" srcset=\"https:\/\/www.portusolivae.com\/wp-content\/uploads\/2017\/12\/portus-olivae-sutivan-brac-103.jpg 1400w, https:\/\/www.portusolivae.com\/wp-content\/uploads\/2017\/12\/portus-olivae-sutivan-brac-103-300x180.jpg 300w, https:\/\/www.portusolivae.com\/wp-content\/uploads\/2017\/12\/portus-olivae-sutivan-brac-103-768x462.jpg 768w, https:\/\/www.portusolivae.com\/wp-content\/uploads\/2017\/12\/portus-olivae-sutivan-brac-103-1024x616.jpg 1024w, https:\/\/www.portusolivae.com\/wp-content\/uploads\/2017\/12\/portus-olivae-sutivan-brac-103-750x451.jpg 750w\" sizes=\"auto, (max-width: 1400px) 100vw, 1400px\" \/>Myths of its universal value were passed on in many ancient civilizations. Today these values are interpreted and are developing again in family Ljubeti\u0107 \u0160teka. Green glades covered with Portus Olivae olive groves on the west side of island Bra\u010d selflessly provide us with extra virgin olive oil, a \u2018liquid gold\u2019 rich with an exceptional harmony of scents from southern fruits and Mediterranean herbs.<\/p>\n<div id='gallery-1' class='gallery galleryid-153 gallery-columns-3 gallery-size-thumbnail'><figure class='gallery-item'>\n\t\t\t<div class='gallery-icon landscape'>\n\t\t\t\t<a href='https:\/\/www.portusolivae.com\/wp-content\/uploads\/2017\/12\/portus-olivae-sutivan-brac-102.jpg' data-rel=\"lightbox[153]\" data-rel=\"lightbox[153]\" rel=\"fancybox[153]\"><img loading=\"lazy\" decoding=\"async\" width=\"150\" height=\"150\" src=\"https:\/\/www.portusolivae.com\/wp-content\/uploads\/2017\/12\/portus-olivae-sutivan-brac-102-150x150.jpg\" class=\"attachment-thumbnail size-thumbnail\" alt=\"\" srcset=\"https:\/\/www.portusolivae.com\/wp-content\/uploads\/2017\/12\/portus-olivae-sutivan-brac-102-150x150.jpg 150w, https:\/\/www.portusolivae.com\/wp-content\/uploads\/2017\/12\/portus-olivae-sutivan-brac-102-100x100.jpg 100w, https:\/\/www.portusolivae.com\/wp-content\/uploads\/2017\/12\/portus-olivae-sutivan-brac-102-130x130.jpg 130w, https:\/\/www.portusolivae.com\/wp-content\/uploads\/2017\/12\/portus-olivae-sutivan-brac-102-200x200.jpg 200w, https:\/\/www.portusolivae.com\/wp-content\/uploads\/2017\/12\/portus-olivae-sutivan-brac-102-750x750.jpg 750w\" sizes=\"auto, (max-width: 150px) 100vw, 150px\" \/><\/a>\n\t\t\t<\/div><\/figure><figure class='gallery-item'>\n\t\t\t<div class='gallery-icon landscape'>\n\t\t\t\t<a href='https:\/\/www.portusolivae.com\/wp-content\/uploads\/2017\/12\/portus-olivae-sutivan-brac-104.jpg' data-rel=\"lightbox[153]\" data-rel=\"lightbox[153]\" rel=\"fancybox[153]\"><img loading=\"lazy\" decoding=\"async\" width=\"150\" height=\"150\" src=\"https:\/\/www.portusolivae.com\/wp-content\/uploads\/2017\/12\/portus-olivae-sutivan-brac-104-150x150.jpg\" class=\"attachment-thumbnail size-thumbnail\" alt=\"\" srcset=\"https:\/\/www.portusolivae.com\/wp-content\/uploads\/2017\/12\/portus-olivae-sutivan-brac-104-150x150.jpg 150w, https:\/\/www.portusolivae.com\/wp-content\/uploads\/2017\/12\/portus-olivae-sutivan-brac-104-100x100.jpg 100w, https:\/\/www.portusolivae.com\/wp-content\/uploads\/2017\/12\/portus-olivae-sutivan-brac-104-130x130.jpg 130w, https:\/\/www.portusolivae.com\/wp-content\/uploads\/2017\/12\/portus-olivae-sutivan-brac-104-200x200.jpg 200w, https:\/\/www.portusolivae.com\/wp-content\/uploads\/2017\/12\/portus-olivae-sutivan-brac-104-750x750.jpg 750w\" sizes=\"auto, (max-width: 150px) 100vw, 150px\" \/><\/a>\n\t\t\t<\/div><\/figure><figure class='gallery-item'>\n\t\t\t<div class='gallery-icon landscape'>\n\t\t\t\t<a href='https:\/\/www.portusolivae.com\/wp-content\/uploads\/2017\/12\/portus-olivae-sutivan-brac-101.jpg' data-rel=\"lightbox[153]\" data-rel=\"lightbox[153]\" rel=\"fancybox[153]\"><img loading=\"lazy\" decoding=\"async\" width=\"150\" height=\"150\" src=\"https:\/\/www.portusolivae.com\/wp-content\/uploads\/2017\/12\/portus-olivae-sutivan-brac-101-150x150.jpg\" class=\"attachment-thumbnail size-thumbnail\" alt=\"\" srcset=\"https:\/\/www.portusolivae.com\/wp-content\/uploads\/2017\/12\/portus-olivae-sutivan-brac-101-150x150.jpg 150w, https:\/\/www.portusolivae.com\/wp-content\/uploads\/2017\/12\/portus-olivae-sutivan-brac-101-100x100.jpg 100w, https:\/\/www.portusolivae.com\/wp-content\/uploads\/2017\/12\/portus-olivae-sutivan-brac-101-130x130.jpg 130w, https:\/\/www.portusolivae.com\/wp-content\/uploads\/2017\/12\/portus-olivae-sutivan-brac-101-200x200.jpg 200w, https:\/\/www.portusolivae.com\/wp-content\/uploads\/2017\/12\/portus-olivae-sutivan-brac-101-750x750.jpg 750w\" sizes=\"auto, (max-width: 150px) 100vw, 150px\" \/><\/a>\n\t\t\t<\/div><\/figure>\n\t\t<\/div>\n\n","protected":false},"excerpt":{"rendered":"<p>Portus olivae story Myths of its universal value were passed on in many ancient civilizations. Today these values are interpreted and are developing again in family Ljubeti\u0107 \u0160teka. Green glades covered with Portus Olivae olive groves on the west side of island Bra\u010d selflessly provide us with extra virgin olive[&#8230;]<\/p>\n","protected":false},"author":1,"featured_media":79,"parent":0,"menu_order":0,"comment_status":"closed","ping_status":"closed","template":"","meta":{"om_disable_all_campaigns":false,"footnotes":""},"class_list":["post-153","page","type-page","status-publish","has-post-thumbnail","hentry"],"yoast_head":"<!-- This site is optimized with the Yoast SEO plugin v26.9 - https:\/\/yoast.com\/product\/yoast-seo-wordpress\/ -->\n<title>Portus olivae story - Portus Olivae<\/title>\n<meta name=\"robots\" content=\"index, follow, max-snippet:-1, max-image-preview:large, max-video-preview:-1\" \/>\n<link rel=\"canonical\" href=\"https:\/\/www.portusolivae.com\/en\/portus-olivea-story\" \/>\n<meta property=\"og:locale\" content=\"en_US\" \/>\n<meta property=\"og:type\" content=\"article\" \/>\n<meta property=\"og:title\" content=\"Portus olivae story - Portus Olivae\" \/>\n<meta property=\"og:description\" content=\"Portus olivae story Myths of its universal value were passed on in many ancient civilizations. Today these values are interpreted and are developing again in family Ljubeti\u0107 \u0160teka. Green glades covered with Portus Olivae olive groves on the west side of island Bra\u010d selflessly provide us with extra virgin olive[...]\" \/>\n<meta property=\"og:url\" content=\"https:\/\/www.portusolivae.com\/en\/portus-olivea-story\" \/>\n<meta property=\"og:site_name\" content=\"Portus Olivae\" \/>\n<meta property=\"article:modified_time\" content=\"2018-02-26T13:48:03+00:00\" \/>\n<meta property=\"og:image\" content=\"https:\/\/www.portusolivae.com\/wp-content\/uploads\/2017\/12\/portus-olivae-sutivan-brac-103.jpg\" \/>\n\t<meta property=\"og:image:width\" content=\"1400\" \/>\n\t<meta property=\"og:image:height\" content=\"842\" \/>\n\t<meta property=\"og:image:type\" content=\"image\/jpeg\" \/>\n<meta name=\"twitter:card\" content=\"summary_large_image\" \/>\n<script type=\"application\/ld+json\" class=\"yoast-schema-graph\">{\"@context\":\"https:\/\/schema.org\",\"@graph\":[{\"@type\":\"WebPage\",\"@id\":\"https:\/\/www.portusolivae.com\/en\/portus-olivea-story\",\"url\":\"https:\/\/www.portusolivae.com\/en\/portus-olivea-story\",\"name\":\"Portus olivae story - Portus Olivae\",\"isPartOf\":{\"@id\":\"https:\/\/www.portusolivae.com\/#website\"},\"primaryImageOfPage\":{\"@id\":\"https:\/\/www.portusolivae.com\/en\/portus-olivea-story#primaryimage\"},\"image\":{\"@id\":\"https:\/\/www.portusolivae.com\/en\/portus-olivea-story#primaryimage\"},\"thumbnailUrl\":\"https:\/\/www.portusolivae.com\/wp-content\/uploads\/2017\/12\/portus-olivae-sutivan-brac-103.jpg\",\"datePublished\":\"2017-10-05T12:14:43+00:00\",\"dateModified\":\"2018-02-26T13:48:03+00:00\",\"breadcrumb\":{\"@id\":\"https:\/\/www.portusolivae.com\/en\/portus-olivea-story#breadcrumb\"},\"inLanguage\":\"en-US\",\"potentialAction\":[{\"@type\":\"ReadAction\",\"target\":[\"https:\/\/www.portusolivae.com\/en\/portus-olivea-story\"]}]},{\"@type\":\"ImageObject\",\"inLanguage\":\"en-US\",\"@id\":\"https:\/\/www.portusolivae.com\/en\/portus-olivea-story#primaryimage\",\"url\":\"https:\/\/www.portusolivae.com\/wp-content\/uploads\/2017\/12\/portus-olivae-sutivan-brac-103.jpg\",\"contentUrl\":\"https:\/\/www.portusolivae.com\/wp-content\/uploads\/2017\/12\/portus-olivae-sutivan-brac-103.jpg\",\"width\":1400,\"height\":842},{\"@type\":\"BreadcrumbList\",\"@id\":\"https:\/\/www.portusolivae.com\/en\/portus-olivea-story#breadcrumb\",\"itemListElement\":[{\"@type\":\"ListItem\",\"position\":1,\"name\":\"Home\",\"item\":\"https:\/\/www.portusolivae.com\/en\"},{\"@type\":\"ListItem\",\"position\":2,\"name\":\"Portus olivae story\"}]},{\"@type\":\"WebSite\",\"@id\":\"https:\/\/www.portusolivae.com\/#website\",\"url\":\"https:\/\/www.portusolivae.com\/\",\"name\":\"Portus Olivae\",\"description\":\"\",\"potentialAction\":[{\"@type\":\"SearchAction\",\"target\":{\"@type\":\"EntryPoint\",\"urlTemplate\":\"https:\/\/www.portusolivae.com\/?s={search_term_string}\"},\"query-input\":{\"@type\":\"PropertyValueSpecification\",\"valueRequired\":true,\"valueName\":\"search_term_string\"}}],\"inLanguage\":\"en-US\"}]}<\/script>\n<!-- \/ Yoast SEO plugin. -->","yoast_head_json":{"title":"Portus olivae story - Portus Olivae","robots":{"index":"index","follow":"follow","max-snippet":"max-snippet:-1","max-image-preview":"max-image-preview:large","max-video-preview":"max-video-preview:-1"},"canonical":"https:\/\/www.portusolivae.com\/en\/portus-olivea-story","og_locale":"en_US","og_type":"article","og_title":"Portus olivae story - Portus Olivae","og_description":"Portus olivae story Myths of its universal value were passed on in many ancient civilizations. Today these values are interpreted and are developing again in family Ljubeti\u0107 \u0160teka. Green glades covered with Portus Olivae olive groves on the west side of island Bra\u010d selflessly provide us with extra virgin olive[...]","og_url":"https:\/\/www.portusolivae.com\/en\/portus-olivea-story","og_site_name":"Portus Olivae","article_modified_time":"2018-02-26T13:48:03+00:00","og_image":[{"width":1400,"height":842,"url":"https:\/\/www.portusolivae.com\/wp-content\/uploads\/2017\/12\/portus-olivae-sutivan-brac-103.jpg","type":"image\/jpeg"}],"twitter_card":"summary_large_image","schema":{"@context":"https:\/\/schema.org","@graph":[{"@type":"WebPage","@id":"https:\/\/www.portusolivae.com\/en\/portus-olivea-story","url":"https:\/\/www.portusolivae.com\/en\/portus-olivea-story","name":"Portus olivae story - Portus Olivae","isPartOf":{"@id":"https:\/\/www.portusolivae.com\/#website"},"primaryImageOfPage":{"@id":"https:\/\/www.portusolivae.com\/en\/portus-olivea-story#primaryimage"},"image":{"@id":"https:\/\/www.portusolivae.com\/en\/portus-olivea-story#primaryimage"},"thumbnailUrl":"https:\/\/www.portusolivae.com\/wp-content\/uploads\/2017\/12\/portus-olivae-sutivan-brac-103.jpg","datePublished":"2017-10-05T12:14:43+00:00","dateModified":"2018-02-26T13:48:03+00:00","breadcrumb":{"@id":"https:\/\/www.portusolivae.com\/en\/portus-olivea-story#breadcrumb"},"inLanguage":"en-US","potentialAction":[{"@type":"ReadAction","target":["https:\/\/www.portusolivae.com\/en\/portus-olivea-story"]}]},{"@type":"ImageObject","inLanguage":"en-US","@id":"https:\/\/www.portusolivae.com\/en\/portus-olivea-story#primaryimage","url":"https:\/\/www.portusolivae.com\/wp-content\/uploads\/2017\/12\/portus-olivae-sutivan-brac-103.jpg","contentUrl":"https:\/\/www.portusolivae.com\/wp-content\/uploads\/2017\/12\/portus-olivae-sutivan-brac-103.jpg","width":1400,"height":842},{"@type":"BreadcrumbList","@id":"https:\/\/www.portusolivae.com\/en\/portus-olivea-story#breadcrumb","itemListElement":[{"@type":"ListItem","position":1,"name":"Home","item":"https:\/\/www.portusolivae.com\/en"},{"@type":"ListItem","position":2,"name":"Portus olivae story"}]},{"@type":"WebSite","@id":"https:\/\/www.portusolivae.com\/#website","url":"https:\/\/www.portusolivae.com\/","name":"Portus Olivae","description":"","potentialAction":[{"@type":"SearchAction","target":{"@type":"EntryPoint","urlTemplate":"https:\/\/www.portusolivae.com\/?s={search_term_string}"},"query-input":{"@type":"PropertyValueSpecification","valueRequired":true,"valueName":"search_term_string"}}],"inLanguage":"en-US"}]}},"_links":{"self":[{"href":"https:\/\/www.portusolivae.com\/en\/wp-json\/wp\/v2\/pages\/153","targetHints":{"allow":["GET"]}}],"collection":[{"href":"https:\/\/www.portusolivae.com\/en\/wp-json\/wp\/v2\/pages"}],"about":[{"href":"https:\/\/www.portusolivae.com\/en\/wp-json\/wp\/v2\/types\/page"}],"author":[{"embeddable":true,"href":"https:\/\/www.portusolivae.com\/en\/wp-json\/wp\/v2\/users\/1"}],"replies":[{"embeddable":true,"href":"https:\/\/www.portusolivae.com\/en\/wp-json\/wp\/v2\/comments?post=153"}],"version-history":[{"count":1,"href":"https:\/\/www.portusolivae.com\/en\/wp-json\/wp\/v2\/pages\/153\/revisions"}],"predecessor-version":[{"id":154,"href":"https:\/\/www.portusolivae.com\/en\/wp-json\/wp\/v2\/pages\/153\/revisions\/154"}],"wp:featuredmedia":[{"embeddable":true,"href":"https:\/\/www.portusolivae.com\/en\/wp-json\/wp\/v2\/media\/79"}],"wp:attachment":[{"href":"https:\/\/www.portusolivae.com\/en\/wp-json\/wp\/v2\/media?parent=153"}],"curies":[{"name":"wp","href":"https:\/\/api.w.org\/{rel}","templated":true}]}}